{"id":1155,"date":"2026-02-20T19:54:56","date_gmt":"2026-02-20T19:54:56","guid":{"rendered":"https:\/\/revista.uearturofreire.edu.ec\/?page_id=1155"},"modified":"2026-02-27T14:50:37","modified_gmt":"2026-02-27T19:50:37","slug":"educacion-basica","status":"publish","type":"page","link":"https:\/\/revista.uearturofreire.edu.ec\/?page_id=1155","title":{"rendered":"EDUCACI\u00d3N B\u00c1SICA"},"content":{"rendered":"\t\t<div data-elementor-type=\"wp-page\" data-elementor-id=\"1155\" class=\"elementor elementor-1155\" data-elementor-post-type=\"page\">\n\t\t\t\t<div class=\"elementor-element elementor-element-d7f8cb8 e-flex e-con-boxed e-con e-parent\" data-id=\"d7f8cb8\" data-element_type=\"container\" data-e-type=\"container\">\n\t\t\t\t\t<div class=\"e-con-inner\">\n\t\t\t\t<div class=\"elementor-element elementor-element-0f9aab3 elementor-widget elementor-widget-spacer\" data-id=\"0f9aab3\" data-element_type=\"widget\" data-e-type=\"widget\" data-widget_type=\"spacer.default\">\n\t\t\t\t\t\t\t<div class=\"elementor-spacer\">\n\t\t\t<div class=\"elementor-spacer-inner\"><\/div>\n\t\t<\/div>\n\t\t\t\t\t\t<\/div>\n\t\t\t\t\t<\/div>\n\t\t\t\t<\/div>\n\t\t<div class=\"elementor-element elementor-element-0686e09 e-flex e-con-boxed elementor-invisible e-con e-parent\" data-id=\"0686e09\" data-element_type=\"container\" data-e-type=\"container\" data-settings=\"{&quot;background_background&quot;:&quot;classic&quot;,&quot;animation&quot;:&quot;slideInLeft&quot;}\">\n\t\t\t\t\t<div class=\"e-con-inner\">\n\t\t\t\t<div class=\"elementor-element elementor-element-af18e73 elementor-widget elementor-widget-heading\" data-id=\"af18e73\" data-element_type=\"widget\" data-e-type=\"widget\" data-widget_type=\"heading.default\">\n\t\t\t\t\t<h2 class=\"elementor-heading-title elementor-size-default\">\ud83c\udfeb <strong>\u201c\u00a1Bienvenidos a las Noticias de Nuestros Peque\u00f1os Protagonistas!\u201d<\/strong><br><\/h2>\t\t\t\t<\/div>\n\t\t\t\t\t<\/div>\n\t\t\t\t<\/div>\n\t\t<div class=\"elementor-element elementor-element-3be5c50 e-flex e-con-boxed elementor-invisible e-con e-parent\" data-id=\"3be5c50\" data-element_type=\"container\" data-e-type=\"container\" data-settings=\"{&quot;background_background&quot;:&quot;classic&quot;,&quot;animation&quot;:&quot;slideInRight&quot;}\">\n\t\t\t\t\t<div class=\"e-con-inner\">\n\t\t\t\t<div class=\"elementor-element elementor-element-43e6b91 elementor-widget elementor-widget-text-editor\" data-id=\"43e6b91\" data-element_type=\"widget\" data-e-type=\"widget\" data-widget_type=\"text-editor.default\">\n\t\t\t\t\t\t\t\t\t<p data-start=\"138\" data-end=\"536\">\u00a1Bienvenidos a nuestro espacio informativo dedicado a la Educaci\u00f3n B\u00e1sica! \ud83c\udf1f Aqu\u00ed celebramos cada logro, cada sonrisa y cada paso de nuestros estudiantes desde 1ro hasta 7mo a\u00f1o. Este es el lugar donde las peque\u00f1as acciones se convierten en grandes historias, donde el esfuerzo diario brilla y donde la comunidad educativa se mantiene informada de todo lo maravilloso que sucede en nuestras aulas.<\/p>\t\t\t\t\t\t\t\t<\/div>\n\t\t\t\t\t<\/div>\n\t\t\t\t<\/div>\n\t\t<div class=\"elementor-element elementor-element-8359739 e-flex e-con-boxed elementor-invisible e-con e-parent\" data-id=\"8359739\" data-element_type=\"container\" data-e-type=\"container\" data-settings=\"{&quot;background_background&quot;:&quot;classic&quot;,&quot;animation&quot;:&quot;slideInLeft&quot;}\">\n\t\t\t\t\t<div class=\"e-con-inner\">\n\t\t\t\t<div class=\"elementor-element elementor-element-bf041e4 elementor-widget elementor-widget-text-editor\" data-id=\"bf041e4\" data-element_type=\"widget\" data-e-type=\"widget\" data-widget_type=\"text-editor.default\">\n\t\t\t\t\t\t\t\t\t<div class=\"text-base my-auto mx-auto [--thread-content-margin:--spacing(4)] @w-sm\/main:[--thread-content-margin:--spacing(6)] @w-lg\/main:[--thread-content-margin:--spacing(16)] px-(--thread-content-margin)\">\n<div class=\"[--thread-content-max-width:40rem] @w-lg\/main:[--thread-content-max-width:48rem] mx-auto max-w-(--thread-content-max-width) flex-1 group\/turn-messages focus-visible:outline-hidden relative flex w-full min-w-0 flex-col agent-turn\" tabindex=\"-1\">\n<div class=\"flex max-w-full flex-col grow\">\n<div class=\"min-h-8 text-message relative flex w-full flex-col items-end gap-2 text-start break-words whitespace-normal [.text-message+&amp;]:mt-1\" dir=\"auto\" data-message-author-role=\"assistant\" data-message-id=\"fd80fdf6-b2ef-40d7-91e4-d83ec2c47764\" data-message-model-slug=\"gpt-5-2\">\n<div class=\"flex w-full flex-col gap-1 empty:hidden first:pt-[1px]\">\n<div class=\"markdown prose dark:prose-invert w-full wrap-break-word dark markdown-new-styling\">\n<p data-start=\"582\" data-end=\"1061\" data-is-last-node=\"\" data-is-only-node=\"\">En esta p\u00e1gina encontrar\u00e1s noticias llenas de entusiasmo, aprendizaje y crecimiento. Compartimos los momentos m\u00e1s destacados en deportes, el cuidado de nuestras \u00e1reas verdes, festividades escolares, reconocimientos acad\u00e9micos y actividades especiales. Aqu\u00ed, los verdaderos protagonistas son nuestros peque\u00f1os estudiantes de Educaci\u00f3n B\u00e1sica, quienes con su talento, creatividad y dedicaci\u00f3n construyen historias que inspiran y llenan de orgullo a toda la comunidad educativa. \ud83c\udf93\u2728<\/p>\n<\/div>\n<\/div>\n<\/div>\n<\/div>\n<\/div>\n<\/div>\t\t\t\t\t\t\t\t<\/div>\n\t\t\t\t\t<\/div>\n\t\t\t\t<\/div>\n\t\t<div class=\"elementor-element elementor-element-68f29d9 e-con-full e-flex e-con e-parent\" data-id=\"68f29d9\" data-element_type=\"container\" data-e-type=\"container\">\n\t\t<div class=\"elementor-element elementor-element-a834931 e-con-full e-flex e-con e-child\" data-id=\"a834931\" data-element_type=\"container\" data-e-type=\"container\">\n\t\t\t\t<div class=\"elementor-element elementor-element-dc5dd73 elementor-widget elementor-widget-image\" data-id=\"dc5dd73\" data-element_type=\"widget\" data-e-type=\"widget\" data-widget_type=\"image.default\">\n\t\t\t\t\t\t\t\t\t\t\t\t\t\t\t<img fetchpriority=\"high\" decoding=\"async\" width=\"224\" height=\"300\" src=\"https:\/\/revista.uearturofreire.edu.ec\/wp-content\/uploads\/2026\/02\/1ro-224x300.png\" class=\"attachment-medium size-medium wp-image-2647\" alt=\"\" srcset=\"https:\/\/revista.uearturofreire.edu.ec\/wp-content\/uploads\/2026\/02\/1ro-224x300.png 224w, https:\/\/revista.uearturofreire.edu.ec\/wp-content\/uploads\/2026\/02\/1ro.png 360w\" sizes=\"(max-width: 224px) 100vw, 224px\" \/>\t\t\t\t\t\t\t\t\t\t\t\t\t\t\t<\/div>\n\t\t\t\t<div class=\"elementor-element elementor-element-3c480f7 elementor-align-center elementor-widget__width-initial elementor-widget elementor-widget-button\" data-id=\"3c480f7\" data-element_type=\"widget\" data-e-type=\"widget\" data-widget_type=\"button.default\">\n\t\t\t\t\t\t\t\t\t\t<a class=\"elementor-button elementor-button-link elementor-size-sm\" href=\"https:\/\/revista.uearturofreire.edu.ec\/?category_name=1ro-egb\">\n\t\t\t\t\t\t<span class=\"elementor-button-content-wrapper\">\n\t\t\t\t\t\t\t\t\t<span class=\"elementor-button-text\">\u2728 Descubre m\u00e1s<\/span>\n\t\t\t\t\t<\/span>\n\t\t\t\t\t<\/a>\n\t\t\t\t\t\t\t\t<\/div>\n\t\t\t\t<\/div>\n\t\t<div class=\"elementor-element elementor-element-1d0566c e-con-full e-flex e-con e-child\" data-id=\"1d0566c\" data-element_type=\"container\" data-e-type=\"container\" data-settings=\"{&quot;background_background&quot;:&quot;classic&quot;}\">\n\t\t\t\t<div class=\"elementor-element elementor-element-08d1018 elementor-widget elementor-widget-image\" data-id=\"08d1018\" data-element_type=\"widget\" data-e-type=\"widget\" data-widget_type=\"image.default\">\n\t\t\t\t\t\t\t\t\t\t\t\t\t\t\t<img decoding=\"async\" width=\"200\" height=\"300\" src=\"https:\/\/revista.uearturofreire.edu.ec\/wp-content\/uploads\/2026\/02\/2do-1-200x300.png\" class=\"attachment-medium size-medium wp-image-2615\" alt=\"\" srcset=\"https:\/\/revista.uearturofreire.edu.ec\/wp-content\/uploads\/2026\/02\/2do-1-200x300.png 200w, https:\/\/revista.uearturofreire.edu.ec\/wp-content\/uploads\/2026\/02\/2do-1-683x1024.png 683w, https:\/\/revista.uearturofreire.edu.ec\/wp-content\/uploads\/2026\/02\/2do-1-768x1152.png 768w, https:\/\/revista.uearturofreire.edu.ec\/wp-content\/uploads\/2026\/02\/2do-1.png 1024w\" sizes=\"(max-width: 200px) 100vw, 200px\" \/>\t\t\t\t\t\t\t\t\t\t\t\t\t\t\t<\/div>\n\t\t\t\t<div class=\"elementor-element elementor-element-2947da2 elementor-align-center elementor-widget__width-initial elementor-widget elementor-widget-button\" data-id=\"2947da2\" data-element_type=\"widget\" data-e-type=\"widget\" data-widget_type=\"button.default\">\n\t\t\t\t\t\t\t\t\t\t<a class=\"elementor-button elementor-button-link elementor-size-sm\" href=\"https:\/\/revista.uearturofreire.edu.ec\/?category_name=2do-egb\">\n\t\t\t\t\t\t<span class=\"elementor-button-content-wrapper\">\n\t\t\t\t\t\t\t\t\t<span class=\"elementor-button-text\">\u2728 Descubre m\u00e1s<\/span>\n\t\t\t\t\t<\/span>\n\t\t\t\t\t<\/a>\n\t\t\t\t\t\t\t\t<\/div>\n\t\t\t\t<\/div>\n\t\t<div class=\"elementor-element elementor-element-fc6930e e-con-full e-flex e-con e-child\" data-id=\"fc6930e\" data-element_type=\"container\" data-e-type=\"container\">\n\t\t\t\t<div class=\"elementor-element elementor-element-4997ec4 elementor-widget elementor-widget-image\" data-id=\"4997ec4\" data-element_type=\"widget\" data-e-type=\"widget\" data-widget_type=\"image.default\">\n\t\t\t\t\t\t\t\t\t\t\t\t\t\t\t<img decoding=\"async\" width=\"200\" height=\"300\" src=\"https:\/\/revista.uearturofreire.edu.ec\/wp-content\/uploads\/2026\/02\/3ro-200x300.png\" class=\"attachment-medium size-medium wp-image-2625\" alt=\"\" srcset=\"https:\/\/revista.uearturofreire.edu.ec\/wp-content\/uploads\/2026\/02\/3ro-200x300.png 200w, https:\/\/revista.uearturofreire.edu.ec\/wp-content\/uploads\/2026\/02\/3ro-683x1024.png 683w, https:\/\/revista.uearturofreire.edu.ec\/wp-content\/uploads\/2026\/02\/3ro-768x1152.png 768w, https:\/\/revista.uearturofreire.edu.ec\/wp-content\/uploads\/2026\/02\/3ro.png 1024w\" sizes=\"(max-width: 200px) 100vw, 200px\" \/>\t\t\t\t\t\t\t\t\t\t\t\t\t\t\t<\/div>\n\t\t\t\t<div class=\"elementor-element elementor-element-8243fc7 elementor-align-center elementor-widget__width-initial elementor-widget elementor-widget-button\" data-id=\"8243fc7\" data-element_type=\"widget\" data-e-type=\"widget\" data-widget_type=\"button.default\">\n\t\t\t\t\t\t\t\t\t\t<a class=\"elementor-button elementor-button-link elementor-size-sm\" href=\"https:\/\/revista.uearturofreire.edu.ec\/?category_name=3ro-egb\">\n\t\t\t\t\t\t<span class=\"elementor-button-content-wrapper\">\n\t\t\t\t\t\t\t\t\t<span class=\"elementor-button-text\">\u2728 Descubre m\u00e1s<\/span>\n\t\t\t\t\t<\/span>\n\t\t\t\t\t<\/a>\n\t\t\t\t\t\t\t\t<\/div>\n\t\t\t\t<\/div>\n\t\t<div class=\"elementor-element elementor-element-0b0e2ad e-con-full e-flex e-con e-child\" data-id=\"0b0e2ad\" data-element_type=\"container\" data-e-type=\"container\">\n\t\t\t\t<div class=\"elementor-element elementor-element-c27d5e7 elementor-widget elementor-widget-image\" data-id=\"c27d5e7\" data-element_type=\"widget\" data-e-type=\"widget\" data-widget_type=\"image.default\">\n\t\t\t\t\t\t\t\t\t\t\t\t\t\t\t<img loading=\"lazy\" decoding=\"async\" width=\"200\" height=\"300\" src=\"https:\/\/revista.uearturofreire.edu.ec\/wp-content\/uploads\/2026\/02\/5to-200x300.png\" class=\"attachment-medium size-medium wp-image-2642\" alt=\"\" srcset=\"https:\/\/revista.uearturofreire.edu.ec\/wp-content\/uploads\/2026\/02\/5to-200x300.png 200w, https:\/\/revista.uearturofreire.edu.ec\/wp-content\/uploads\/2026\/02\/5to-683x1024.png 683w, https:\/\/revista.uearturofreire.edu.ec\/wp-content\/uploads\/2026\/02\/5to-768x1152.png 768w, https:\/\/revista.uearturofreire.edu.ec\/wp-content\/uploads\/2026\/02\/5to.png 1024w\" sizes=\"(max-width: 200px) 100vw, 200px\" \/>\t\t\t\t\t\t\t\t\t\t\t\t\t\t\t<\/div>\n\t\t\t\t<div class=\"elementor-element elementor-element-8a6f8df elementor-align-center elementor-widget__width-initial elementor-widget elementor-widget-button\" data-id=\"8a6f8df\" data-element_type=\"widget\" data-e-type=\"widget\" data-widget_type=\"button.default\">\n\t\t\t\t\t\t\t\t\t\t<a class=\"elementor-button elementor-button-link elementor-size-sm\" href=\"https:\/\/revista.uearturofreire.edu.ec\/?category_name=4to-egb\">\n\t\t\t\t\t\t<span class=\"elementor-button-content-wrapper\">\n\t\t\t\t\t\t\t\t\t<span class=\"elementor-button-text\">\u2728 Descubre m\u00e1s<\/span>\n\t\t\t\t\t<\/span>\n\t\t\t\t\t<\/a>\n\t\t\t\t\t\t\t\t<\/div>\n\t\t\t\t<\/div>\n\t\t\t\t<\/div>\n\t\t<div class=\"elementor-element elementor-element-3877d91 e-con-full e-flex e-con e-parent\" data-id=\"3877d91\" data-element_type=\"container\" data-e-type=\"container\">\n\t\t<div class=\"elementor-element elementor-element-3920c91 e-con-full e-flex e-con e-child\" data-id=\"3920c91\" data-element_type=\"container\" data-e-type=\"container\">\n\t\t\t\t<div class=\"elementor-element elementor-element-d14972e elementor-widget elementor-widget-image\" data-id=\"d14972e\" data-element_type=\"widget\" data-e-type=\"widget\" data-widget_type=\"image.default\">\n\t\t\t\t\t\t\t\t\t\t\t\t\t\t\t<img loading=\"lazy\" decoding=\"async\" width=\"200\" height=\"300\" src=\"https:\/\/revista.uearturofreire.edu.ec\/wp-content\/uploads\/2026\/02\/5to-2-200x300.png\" class=\"attachment-medium size-medium wp-image-2654\" alt=\"\" srcset=\"https:\/\/revista.uearturofreire.edu.ec\/wp-content\/uploads\/2026\/02\/5to-2-200x300.png 200w, https:\/\/revista.uearturofreire.edu.ec\/wp-content\/uploads\/2026\/02\/5to-2-683x1024.png 683w, https:\/\/revista.uearturofreire.edu.ec\/wp-content\/uploads\/2026\/02\/5to-2-768x1152.png 768w, https:\/\/revista.uearturofreire.edu.ec\/wp-content\/uploads\/2026\/02\/5to-2.png 1024w\" sizes=\"(max-width: 200px) 100vw, 200px\" \/>\t\t\t\t\t\t\t\t\t\t\t\t\t\t\t<\/div>\n\t\t\t\t<div class=\"elementor-element elementor-element-4bfc66e elementor-align-center elementor-widget__width-initial elementor-widget elementor-widget-button\" data-id=\"4bfc66e\" data-element_type=\"widget\" data-e-type=\"widget\" data-widget_type=\"button.default\">\n\t\t\t\t\t\t\t\t\t\t<a class=\"elementor-button elementor-button-link elementor-size-sm\" href=\"https:\/\/revista.uearturofreire.edu.ec\/?category_name=5to-egb\">\n\t\t\t\t\t\t<span class=\"elementor-button-content-wrapper\">\n\t\t\t\t\t\t\t\t\t<span class=\"elementor-button-text\">\u2728 Descubre m\u00e1s<\/span>\n\t\t\t\t\t<\/span>\n\t\t\t\t\t<\/a>\n\t\t\t\t\t\t\t\t<\/div>\n\t\t\t\t<\/div>\n\t\t<div class=\"elementor-element elementor-element-f0f9c34 e-con-full e-flex e-con e-child\" data-id=\"f0f9c34\" data-element_type=\"container\" data-e-type=\"container\">\n\t\t\t\t<div class=\"elementor-element elementor-element-abeb55e elementor-widget elementor-widget-image\" data-id=\"abeb55e\" data-element_type=\"widget\" data-e-type=\"widget\" data-widget_type=\"image.default\">\n\t\t\t\t\t\t\t\t\t\t\t\t\t\t\t<img loading=\"lazy\" decoding=\"async\" width=\"215\" height=\"300\" src=\"https:\/\/revista.uearturofreire.edu.ec\/wp-content\/uploads\/2026\/02\/6to-215x300.png\" class=\"attachment-medium size-medium wp-image-2677\" alt=\"\" srcset=\"https:\/\/revista.uearturofreire.edu.ec\/wp-content\/uploads\/2026\/02\/6to-215x300.png 215w, https:\/\/revista.uearturofreire.edu.ec\/wp-content\/uploads\/2026\/02\/6to.png 355w\" sizes=\"(max-width: 215px) 100vw, 215px\" \/>\t\t\t\t\t\t\t\t\t\t\t\t\t\t\t<\/div>\n\t\t\t\t<div class=\"elementor-element elementor-element-f68ad7e elementor-align-center elementor-widget__width-initial elementor-widget elementor-widget-button\" data-id=\"f68ad7e\" data-element_type=\"widget\" data-e-type=\"widget\" data-widget_type=\"button.default\">\n\t\t\t\t\t\t\t\t\t\t<a class=\"elementor-button elementor-button-link elementor-size-sm\" href=\"https:\/\/revista.uearturofreire.edu.ec\/?category_name=6to-egb\">\n\t\t\t\t\t\t<span class=\"elementor-button-content-wrapper\">\n\t\t\t\t\t\t\t\t\t<span class=\"elementor-button-text\">\u2728 Descubre m\u00e1s<\/span>\n\t\t\t\t\t<\/span>\n\t\t\t\t\t<\/a>\n\t\t\t\t\t\t\t\t<\/div>\n\t\t\t\t<\/div>\n\t\t<div class=\"elementor-element elementor-element-2359d04 e-con-full e-flex e-con e-child\" data-id=\"2359d04\" data-element_type=\"container\" data-e-type=\"container\">\n\t\t\t\t<div class=\"elementor-element elementor-element-2fd3fe8 elementor-widget elementor-widget-image\" data-id=\"2fd3fe8\" data-element_type=\"widget\" data-e-type=\"widget\" data-widget_type=\"image.default\">\n\t\t\t\t\t\t\t\t\t\t\t\t\t\t\t<img loading=\"lazy\" decoding=\"async\" width=\"223\" height=\"300\" src=\"https:\/\/revista.uearturofreire.edu.ec\/wp-content\/uploads\/2026\/02\/7mo-223x300.png\" class=\"attachment-medium size-medium wp-image-2680\" alt=\"\" srcset=\"https:\/\/revista.uearturofreire.edu.ec\/wp-content\/uploads\/2026\/02\/7mo-223x300.png 223w, https:\/\/revista.uearturofreire.edu.ec\/wp-content\/uploads\/2026\/02\/7mo.png 366w\" sizes=\"(max-width: 223px) 100vw, 223px\" \/>\t\t\t\t\t\t\t\t\t\t\t\t\t\t\t<\/div>\n\t\t\t\t<div class=\"elementor-element elementor-element-5540d41 elementor-align-center elementor-widget__width-initial elementor-widget elementor-widget-button\" data-id=\"5540d41\" data-element_type=\"widget\" data-e-type=\"widget\" data-widget_type=\"button.default\">\n\t\t\t\t\t\t\t\t\t\t<a class=\"elementor-button elementor-button-link elementor-size-sm\" href=\"https:\/\/revista.uearturofreire.edu.ec\/?category_name=7mo-egb\">\n\t\t\t\t\t\t<span class=\"elementor-button-content-wrapper\">\n\t\t\t\t\t\t\t\t\t<span class=\"elementor-button-text\">\u2728 Descubre m\u00e1s<\/span>\n\t\t\t\t\t<\/span>\n\t\t\t\t\t<\/a>\n\t\t\t\t\t\t\t\t<\/div>\n\t\t\t\t<\/div>\n\t\t<div class=\"elementor-element elementor-element-618f59a e-con-full e-flex e-con e-child\" data-id=\"618f59a\" data-element_type=\"container\" data-e-type=\"container\">\n\t\t\t\t<div class=\"elementor-element elementor-element-b2fc364 elementor-widget elementor-widget-image\" data-id=\"b2fc364\" data-element_type=\"widget\" data-e-type=\"widget\" data-widget_type=\"image.default\">\n\t\t\t\t\t\t\t\t\t\t\t\t\t\t\t<img loading=\"lazy\" decoding=\"async\" width=\"525\" height=\"350\" src=\"https:\/\/revista.uearturofreire.edu.ec\/wp-content\/uploads\/2026\/02\/ed.-basica-768x512.png\" class=\"attachment-medium_large size-medium_large wp-image-7647\" alt=\"\" srcset=\"https:\/\/revista.uearturofreire.edu.ec\/wp-content\/uploads\/2026\/02\/ed.-basica-768x512.png 768w, https:\/\/revista.uearturofreire.edu.ec\/wp-content\/uploads\/2026\/02\/ed.-basica-300x200.png 300w, https:\/\/revista.uearturofreire.edu.ec\/wp-content\/uploads\/2026\/02\/ed.-basica-1024x683.png 1024w, https:\/\/revista.uearturofreire.edu.ec\/wp-content\/uploads\/2026\/02\/ed.-basica.png 1536w\" sizes=\"(max-width: 525px) 100vw, 525px\" \/>\t\t\t\t\t\t\t\t\t\t\t\t\t\t\t<\/div>\n\t\t\t\t<div class=\"elementor-element elementor-element-3e3c18e elementor-align-center elementor-widget__width-initial elementor-widget elementor-widget-button\" data-id=\"3e3c18e\" data-element_type=\"widget\" data-e-type=\"widget\" data-widget_type=\"button.default\">\n\t\t\t\t\t\t\t\t\t\t<a class=\"elementor-button elementor-button-link elementor-size-sm\" href=\"https:\/\/revista.uearturofreire.edu.ec\/?category_name=educacion-basica\">\n\t\t\t\t\t\t<span class=\"elementor-button-content-wrapper\">\n\t\t\t\t\t\t\t\t\t<span class=\"elementor-button-text\">\u2728 Descubre m\u00e1s<\/span>\n\t\t\t\t\t<\/span>\n\t\t\t\t\t<\/a>\n\t\t\t\t\t\t\t\t<\/div>\n\t\t\t\t<\/div>\n\t\t\t\t<\/div>\n\t\t\t\t<\/div>\n\t\t","protected":false},"excerpt":{"rendered":"<p>\ud83c\udfeb \u201c\u00a1Bienvenidos a las Noticias de Nuestros Peque\u00f1os Protagonistas!\u201d \u00a1Bienvenidos a nuestro espacio informativo dedicado a la Educaci\u00f3n B\u00e1sica! \ud83c\udf1f Aqu\u00ed celebramos cada logro, cada sonrisa y cada paso de nuestros estudiantes desde 1ro hasta 7mo a\u00f1o. Este es el lugar donde las peque\u00f1as acciones se convierten en grandes historias, donde el esfuerzo diario brilla [&hellip;]<\/p>\n","protected":false},"author":2,"featured_media":2714,"parent":0,"menu_order":0,"comment_status":"closed","ping_status":"closed","template":"page-template\/front-page.php","meta":{"footnotes":""},"class_list":["post-1155","page","type-page","status-publish","has-post-thumbnail","hentry"],"_links":{"self":[{"href":"https:\/\/revista.uearturofreire.edu.ec\/index.php?rest_route=\/wp\/v2\/pages\/1155","targetHints":{"allow":["GET"]}}],"collection":[{"href":"https:\/\/revista.uearturofreire.edu.ec\/index.php?rest_route=\/wp\/v2\/pages"}],"about":[{"href":"https:\/\/revista.uearturofreire.edu.ec\/index.php?rest_route=\/wp\/v2\/types\/page"}],"author":[{"embeddable":true,"href":"https:\/\/revista.uearturofreire.edu.ec\/index.php?rest_route=\/wp\/v2\/users\/2"}],"replies":[{"embeddable":true,"href":"https:\/\/revista.uearturofreire.edu.ec\/index.php?rest_route=%2Fwp%2Fv2%2Fcomments&post=1155"}],"version-history":[{"count":58,"href":"https:\/\/revista.uearturofreire.edu.ec\/index.php?rest_route=\/wp\/v2\/pages\/1155\/revisions"}],"predecessor-version":[{"id":8183,"href":"https:\/\/revista.uearturofreire.edu.ec\/index.php?rest_route=\/wp\/v2\/pages\/1155\/revisions\/8183"}],"wp:featuredmedia":[{"embeddable":true,"href":"https:\/\/revista.uearturofreire.edu.ec\/index.php?rest_route=\/wp\/v2\/media\/2714"}],"wp:attachment":[{"href":"https:\/\/revista.uearturofreire.edu.ec\/index.php?rest_route=%2Fwp%2Fv2%2Fmedia&parent=1155"}],"curies":[{"name":"wp","href":"https:\/\/api.w.org\/{rel}","templated":true}]}}