{"id":1209,"date":"2026-02-20T20:00:09","date_gmt":"2026-02-20T20:00:09","guid":{"rendered":"https:\/\/revista.uearturofreire.edu.ec\/?page_id=1209"},"modified":"2026-02-27T15:02:07","modified_gmt":"2026-02-27T20:02:07","slug":"basica-superior","status":"publish","type":"page","link":"https:\/\/revista.uearturofreire.edu.ec\/?page_id=1209","title":{"rendered":"B\u00c1SICA SUPERIOR"},"content":{"rendered":"\t\t<div data-elementor-type=\"wp-page\" data-elementor-id=\"1209\" class=\"elementor elementor-1209\" data-elementor-post-type=\"page\">\n\t\t\t\t<div class=\"elementor-element elementor-element-ba5248a e-flex e-con-boxed e-con e-parent\" data-id=\"ba5248a\" data-element_type=\"container\" data-e-type=\"container\">\n\t\t\t\t\t<div class=\"e-con-inner\">\n\t\t\t\t\t<\/div>\n\t\t\t\t<\/div>\n\t\t<div class=\"elementor-element elementor-element-f1191f1 e-flex e-con-boxed e-con e-parent\" data-id=\"f1191f1\" data-element_type=\"container\" data-e-type=\"container\">\n\t\t\t\t\t<div class=\"e-con-inner\">\n\t\t\t\t<div class=\"elementor-element elementor-element-728d67c elementor-invisible elementor-widget elementor-widget-heading\" data-id=\"728d67c\" data-element_type=\"widget\" data-e-type=\"widget\" data-settings=\"{&quot;_animation&quot;:&quot;fadeIn&quot;}\" data-widget_type=\"heading.default\">\n\t\t\t\t\t<h2 class=\"elementor-heading-title elementor-size-default\">Explorando b\u00e1sica superior: Un espacio para informarnos, reflexionar, aprender y crecer juntos.<br><br>\n\u00a1Bienvenidos!<\/h2>\t\t\t\t<\/div>\n\t\t\t\t\t<\/div>\n\t\t\t\t<\/div>\n\t\t<div class=\"elementor-element elementor-element-c141cdf e-flex e-con-boxed e-con e-parent\" data-id=\"c141cdf\" data-element_type=\"container\" data-e-type=\"container\">\n\t\t\t\t\t<div class=\"e-con-inner\">\n\t\t<div class=\"elementor-element elementor-element-540b80f e-con-full e-flex e-con e-child\" data-id=\"540b80f\" data-element_type=\"container\" data-e-type=\"container\">\n\t\t\t\t<div class=\"elementor-element elementor-element-4a5f8c9 elementor-widget__width-initial elementor-invisible elementor-widget elementor-widget-text-editor\" data-id=\"4a5f8c9\" data-element_type=\"widget\" data-e-type=\"widget\" data-settings=\"{&quot;_animation&quot;:&quot;zoomIn&quot;}\" data-widget_type=\"text-editor.default\">\n\t\t\t\t\t\t\t\t\t<div class=\"pointer-events-none h-px w-px absolute bottom-0\" aria-hidden=\"true\" data-edge=\"true\">\u00a0<\/div><div class=\"flex flex-col text-sm\"><article class=\"text-token-text-primary w-full focus:outline-none [--shadow-height:45px] has-data-writing-block:pointer-events-none has-data-writing-block:-mt-(--shadow-height) has-data-writing-block:pt-(--shadow-height) [&amp;:has([data-writing-block])&gt;*]:pointer-events-auto scroll-mt-[calc(var(--header-height)+min(200px,max(70px,20svh)))]\" dir=\"auto\" tabindex=\"-1\" data-turn-id=\"request-WEB:aa0aa7db-f4ca-4f4d-900e-2aaf17632772-0\" data-testid=\"conversation-turn-2\" data-scroll-anchor=\"true\" data-turn=\"assistant\"><div class=\"text-base my-auto mx-auto pb-10 [--thread-content-margin:--spacing(4)] @w-sm\/main:[--thread-content-margin:--spacing(6)] @w-lg\/main:[--thread-content-margin:--spacing(16)] px-(--thread-content-margin)\"><div class=\"[--thread-content-max-width:40rem] @w-lg\/main:[--thread-content-max-width:48rem] mx-auto max-w-(--thread-content-max-width) flex-1 group\/turn-messages focus-visible:outline-hidden relative flex w-full min-w-0 flex-col agent-turn\" tabindex=\"-1\"><div class=\"flex max-w-full flex-col grow\"><div class=\"min-h-8 text-message relative flex w-full flex-col items-end gap-2 text-start break-words whitespace-normal [.text-message+&amp;]:mt-1\" dir=\"auto\" data-message-author-role=\"assistant\" data-message-id=\"eb84d48d-871d-4c8a-980e-c7f0c78f5f66\" data-message-model-slug=\"gpt-5-2\"><div class=\"flex w-full flex-col gap-1 empty:hidden first:pt-[1px]\"><div class=\"markdown prose dark:prose-invert w-full wrap-break-word light markdown-new-styling\"><p data-start=\"0\" data-end=\"535\" data-is-last-node=\"\" data-is-only-node=\"\"><strong data-start=\"0\" data-end=\"30\" data-is-only-node=\"\">Explorando B\u00e1sica Superior<\/strong> es un espacio pensado para fortalecer el aprendizaje y el desarrollo integral de los estudiantes. Su prop\u00f3sito es brindar informaci\u00f3n relevante, promover la reflexi\u00f3n sobre temas acad\u00e9micos y personales, y fomentar el crecimiento conjunto de toda la comunidad educativa. A trav\u00e9s del di\u00e1logo, el intercambio de ideas y el trabajo colaborativo, se busca no solo ampliar conocimientos, sino tambi\u00e9n fortalecer valores, habilidades y actitudes que contribuyan a una formaci\u00f3n m\u00e1s consciente y participativa.<\/p><\/div><\/div><\/div><\/div><div class=\"z-0 flex min-h-[46px] justify-start\">\u00a0<\/div><\/div><\/div><\/article><\/div>\t\t\t\t\t\t\t\t<\/div>\n\t\t\t\t<\/div>\n\t\t<div class=\"elementor-element elementor-element-d2d2828 e-con-full e-flex e-con e-child\" data-id=\"d2d2828\" data-element_type=\"container\" data-e-type=\"container\">\n\t\t\t\t<div class=\"elementor-element elementor-element-8806a3c elementor-widget__width-initial elementor-invisible elementor-widget elementor-widget-image\" data-id=\"8806a3c\" data-element_type=\"widget\" data-e-type=\"widget\" data-settings=\"{&quot;_animation&quot;:&quot;zoomIn&quot;}\" data-widget_type=\"image.default\">\n\t\t\t\t\t\t\t\t\t\t\t\t\t\t\t<img fetchpriority=\"high\" decoding=\"async\" width=\"525\" height=\"393\" src=\"https:\/\/revista.uearturofreire.edu.ec\/wp-content\/uploads\/2026\/02\/no-1024x766.jpg\" class=\"attachment-large size-large wp-image-5841\" alt=\"\" srcset=\"https:\/\/revista.uearturofreire.edu.ec\/wp-content\/uploads\/2026\/02\/no-1024x766.jpg 1024w, https:\/\/revista.uearturofreire.edu.ec\/wp-content\/uploads\/2026\/02\/no-300x224.jpg 300w, https:\/\/revista.uearturofreire.edu.ec\/wp-content\/uploads\/2026\/02\/no-768x575.jpg 768w, https:\/\/revista.uearturofreire.edu.ec\/wp-content\/uploads\/2026\/02\/no-1536x1149.jpg 1536w, https:\/\/revista.uearturofreire.edu.ec\/wp-content\/uploads\/2026\/02\/no.jpg 2048w\" sizes=\"(max-width: 525px) 100vw, 525px\" \/>\t\t\t\t\t\t\t\t\t\t\t\t\t\t\t<\/div>\n\t\t\t\t<\/div>\n\t\t\t\t\t<\/div>\n\t\t\t\t<\/div>\n\t\t<div class=\"elementor-element elementor-element-ddccc11 e-flex e-con-boxed e-con e-parent\" data-id=\"ddccc11\" data-element_type=\"container\" data-e-type=\"container\">\n\t\t\t\t\t<div class=\"e-con-inner\">\n\t\t<div class=\"elementor-element elementor-element-3d9fbf2 e-con-full e-flex e-con e-child\" data-id=\"3d9fbf2\" data-element_type=\"container\" data-e-type=\"container\">\n\t\t\t\t<div class=\"elementor-element elementor-element-603a4cb elementor-invisible elementor-widget elementor-widget-text-editor\" data-id=\"603a4cb\" data-element_type=\"widget\" data-e-type=\"widget\" data-settings=\"{&quot;_animation&quot;:&quot;fadeIn&quot;}\" data-widget_type=\"text-editor.default\">\n\t\t\t\t\t\t\t\t\t<p>HAZ CLIC SI QUIERES SABER M\u00c1S SOBRE B\u00c1SICA SUPERIOR<\/p><p>\ud83e\udc73<\/p>\t\t\t\t\t\t\t\t<\/div>\n\t\t\t\t<\/div>\n\t\t<div class=\"elementor-element elementor-element-7ef6cac e-con-full e-flex e-con e-child\" data-id=\"7ef6cac\" data-element_type=\"container\" data-e-type=\"container\">\n\t\t\t\t<div class=\"elementor-element elementor-element-de861ff elementor-invisible elementor-widget elementor-widget-text-editor\" data-id=\"de861ff\" data-element_type=\"widget\" data-e-type=\"widget\" data-settings=\"{&quot;_animation&quot;:&quot;fadeIn&quot;}\" data-widget_type=\"text-editor.default\">\n\t\t\t\t\t\t\t\t\t<p style=\"text-align: center;\"><span style=\"color: #faffab; font-family: 'Dela Gothic One', sans-serif; text-align: center;\">HAZ CLIC SI QUIERES SABER M\u00c1S SOBRE\u00a0 8vo E.G.B<\/span><\/p><p style=\"text-align: center;\"><span style=\"color: #faffab; font-family: 'Dela Gothic One', sans-serif; text-align: center;\">\ud83e\udc73<\/span><\/p>\t\t\t\t\t\t\t\t<\/div>\n\t\t\t\t<\/div>\n\t\t<div class=\"elementor-element elementor-element-4012980 e-con-full e-flex e-con e-child\" data-id=\"4012980\" data-element_type=\"container\" data-e-type=\"container\">\n\t\t\t\t<div class=\"elementor-element elementor-element-98bea1c elementor-widget__width-initial elementor-invisible elementor-widget elementor-widget-image\" data-id=\"98bea1c\" data-element_type=\"widget\" data-e-type=\"widget\" data-settings=\"{&quot;_animation&quot;:&quot;fadeIn&quot;}\" data-widget_type=\"image.default\">\n\t\t\t\t\t\t\t\t\t\t\t\t\t\t\t\t<a href=\"https:\/\/revista.uearturofreire.edu.ec\/?category_name=basica-superior\">\n\t\t\t\t\t\t\t<img decoding=\"async\" width=\"525\" height=\"162\" src=\"https:\/\/revista.uearturofreire.edu.ec\/wp-content\/uploads\/2026\/02\/basica-superior-1024x316.png\" class=\"attachment-large size-large wp-image-2569\" alt=\"\" srcset=\"https:\/\/revista.uearturofreire.edu.ec\/wp-content\/uploads\/2026\/02\/basica-superior-1024x316.png 1024w, https:\/\/revista.uearturofreire.edu.ec\/wp-content\/uploads\/2026\/02\/basica-superior-300x93.png 300w, https:\/\/revista.uearturofreire.edu.ec\/wp-content\/uploads\/2026\/02\/basica-superior-768x237.png 768w, https:\/\/revista.uearturofreire.edu.ec\/wp-content\/uploads\/2026\/02\/basica-superior-1536x474.png 1536w, https:\/\/revista.uearturofreire.edu.ec\/wp-content\/uploads\/2026\/02\/basica-superior.png 1595w\" sizes=\"(max-width: 525px) 100vw, 525px\" \/>\t\t\t\t\t\t\t\t<\/a>\n\t\t\t\t\t\t\t\t\t\t\t\t\t\t\t<\/div>\n\t\t\t\t<\/div>\n\t\t<div class=\"elementor-element elementor-element-2b9e7e2 e-con-full e-flex e-con e-child\" data-id=\"2b9e7e2\" data-element_type=\"container\" data-e-type=\"container\">\n\t\t\t\t<div class=\"elementor-element elementor-element-d85a0cc elementor-invisible elementor-widget elementor-widget-image\" data-id=\"d85a0cc\" data-element_type=\"widget\" data-e-type=\"widget\" data-settings=\"{&quot;_animation&quot;:&quot;fadeIn&quot;}\" data-widget_type=\"image.default\">\n\t\t\t\t\t\t\t\t\t\t\t\t\t\t\t\t<a href=\"https:\/\/revista.uearturofreire.edu.ec\/?category_name=8vo-egb\">\n\t\t\t\t\t\t\t<img decoding=\"async\" width=\"525\" height=\"163\" src=\"https:\/\/revista.uearturofreire.edu.ec\/wp-content\/uploads\/2026\/02\/8vo-1024x317.png\" class=\"attachment-large size-large wp-image-2570\" alt=\"\" srcset=\"https:\/\/revista.uearturofreire.edu.ec\/wp-content\/uploads\/2026\/02\/8vo-1024x317.png 1024w, https:\/\/revista.uearturofreire.edu.ec\/wp-content\/uploads\/2026\/02\/8vo-300x93.png 300w, https:\/\/revista.uearturofreire.edu.ec\/wp-content\/uploads\/2026\/02\/8vo-768x238.png 768w, https:\/\/revista.uearturofreire.edu.ec\/wp-content\/uploads\/2026\/02\/8vo-1536x476.png 1536w, https:\/\/revista.uearturofreire.edu.ec\/wp-content\/uploads\/2026\/02\/8vo.png 1597w\" sizes=\"(max-width: 525px) 100vw, 525px\" \/>\t\t\t\t\t\t\t\t<\/a>\n\t\t\t\t\t\t\t\t\t\t\t\t\t\t\t<\/div>\n\t\t\t\t<\/div>\n\t\t\t\t\t<\/div>\n\t\t\t\t<\/div>\n\t\t<div class=\"elementor-element elementor-element-7b0602a e-flex e-con-boxed e-con e-parent\" data-id=\"7b0602a\" data-element_type=\"container\" data-e-type=\"container\">\n\t\t\t\t\t<div class=\"e-con-inner\">\n\t\t<div class=\"elementor-element elementor-element-8d1d774 e-con-full e-flex e-con e-child\" data-id=\"8d1d774\" data-element_type=\"container\" data-e-type=\"container\">\n\t\t\t\t<div class=\"elementor-element elementor-element-9492ee7 elementor-invisible elementor-widget elementor-widget-text-editor\" data-id=\"9492ee7\" data-element_type=\"widget\" data-e-type=\"widget\" data-settings=\"{&quot;_animation&quot;:&quot;fadeIn&quot;}\" data-widget_type=\"text-editor.default\">\n\t\t\t\t\t\t\t\t\t<p><span style=\"color: #faffab; font-family: 'Dela Gothic One', sans-serif; text-align: center;\">HAZ CLIC SI QUIERES SABER M\u00c1S SOBRE 9no E.G.B<\/span><\/p><p><span style=\"color: #faffab; font-family: 'Dela Gothic One', sans-serif; text-align: center;\">\ud83e\udc73<\/span><\/p>\t\t\t\t\t\t\t\t<\/div>\n\t\t\t\t<\/div>\n\t\t<div class=\"elementor-element elementor-element-9540db0 e-con-full e-flex e-con e-child\" data-id=\"9540db0\" data-element_type=\"container\" data-e-type=\"container\">\n\t\t\t\t<div class=\"elementor-element elementor-element-8b0ddea elementor-invisible elementor-widget elementor-widget-text-editor\" data-id=\"8b0ddea\" data-element_type=\"widget\" data-e-type=\"widget\" data-settings=\"{&quot;_animation&quot;:&quot;fadeIn&quot;}\" data-widget_type=\"text-editor.default\">\n\t\t\t\t\t\t\t\t\t<p><span style=\"color: #faffab; font-family: 'Dela Gothic One', sans-serif; text-align: center;\">HAZ CLIC SI QUIERES SABER M\u00c1S SOBRE 10mo E.G.B<\/span><\/p><p><span style=\"color: #faffab; font-family: 'Dela Gothic One', sans-serif; text-align: center;\">\ud83e\udc73<\/span><\/p>\t\t\t\t\t\t\t\t<\/div>\n\t\t\t\t<\/div>\n\t\t<div class=\"elementor-element elementor-element-214a524 e-con-full e-flex e-con e-child\" data-id=\"214a524\" data-element_type=\"container\" data-e-type=\"container\">\n\t\t\t\t<div class=\"elementor-element elementor-element-bf7220c elementor-widget__width-initial elementor-invisible elementor-widget elementor-widget-image\" data-id=\"bf7220c\" data-element_type=\"widget\" data-e-type=\"widget\" data-settings=\"{&quot;_animation&quot;:&quot;fadeIn&quot;}\" data-widget_type=\"image.default\">\n\t\t\t\t\t\t\t\t\t\t\t\t\t\t\t\t<a href=\"https:\/\/revista.uearturofreire.edu.ec\/?category_name=9no-egb\">\n\t\t\t\t\t\t\t<img loading=\"lazy\" decoding=\"async\" width=\"525\" height=\"164\" src=\"https:\/\/revista.uearturofreire.edu.ec\/wp-content\/uploads\/2026\/02\/9no-1024x319.png\" class=\"attachment-large size-large wp-image-2576\" alt=\"\" srcset=\"https:\/\/revista.uearturofreire.edu.ec\/wp-content\/uploads\/2026\/02\/9no-1024x319.png 1024w, https:\/\/revista.uearturofreire.edu.ec\/wp-content\/uploads\/2026\/02\/9no-300x94.png 300w, https:\/\/revista.uearturofreire.edu.ec\/wp-content\/uploads\/2026\/02\/9no-768x239.png 768w, https:\/\/revista.uearturofreire.edu.ec\/wp-content\/uploads\/2026\/02\/9no-1536x479.png 1536w, https:\/\/revista.uearturofreire.edu.ec\/wp-content\/uploads\/2026\/02\/9no.png 1591w\" sizes=\"(max-width: 525px) 100vw, 525px\" \/>\t\t\t\t\t\t\t\t<\/a>\n\t\t\t\t\t\t\t\t\t\t\t\t\t\t\t<\/div>\n\t\t\t\t<\/div>\n\t\t<div class=\"elementor-element elementor-element-922e45f e-con-full e-flex e-con e-child\" data-id=\"922e45f\" data-element_type=\"container\" data-e-type=\"container\">\n\t\t\t\t<div class=\"elementor-element elementor-element-aee87ee elementor-widget__width-initial elementor-invisible elementor-widget elementor-widget-image\" data-id=\"aee87ee\" data-element_type=\"widget\" data-e-type=\"widget\" data-settings=\"{&quot;_animation&quot;:&quot;fadeIn&quot;}\" data-widget_type=\"image.default\">\n\t\t\t\t\t\t\t\t\t\t\t\t\t\t\t\t<a href=\"https:\/\/revista.uearturofreire.edu.ec\/?category_name=10mo-egb\">\n\t\t\t\t\t\t\t<img loading=\"lazy\" decoding=\"async\" width=\"525\" height=\"163\" src=\"https:\/\/revista.uearturofreire.edu.ec\/wp-content\/uploads\/2026\/02\/10moo-1024x318.png\" class=\"attachment-large size-large wp-image-2580\" alt=\"\" srcset=\"https:\/\/revista.uearturofreire.edu.ec\/wp-content\/uploads\/2026\/02\/10moo-1024x318.png 1024w, https:\/\/revista.uearturofreire.edu.ec\/wp-content\/uploads\/2026\/02\/10moo-300x93.png 300w, https:\/\/revista.uearturofreire.edu.ec\/wp-content\/uploads\/2026\/02\/10moo-768x238.png 768w, https:\/\/revista.uearturofreire.edu.ec\/wp-content\/uploads\/2026\/02\/10moo-1536x477.png 1536w, https:\/\/revista.uearturofreire.edu.ec\/wp-content\/uploads\/2026\/02\/10moo.png 1595w\" sizes=\"(max-width: 525px) 100vw, 525px\" \/>\t\t\t\t\t\t\t\t<\/a>\n\t\t\t\t\t\t\t\t\t\t\t\t\t\t\t<\/div>\n\t\t\t\t<\/div>\n\t\t\t\t\t<\/div>\n\t\t\t\t<\/div>\n\t\t\t\t<\/div>\n\t\t","protected":false},"excerpt":{"rendered":"<p>Explorando b\u00e1sica superior: Un espacio para informarnos, reflexionar, aprender y crecer juntos. \u00a1Bienvenidos! \u00a0 Explorando B\u00e1sica Superior es un espacio pensado para fortalecer el aprendizaje y el desarrollo integral de los estudiantes. Su prop\u00f3sito es brindar informaci\u00f3n relevante, promover la reflexi\u00f3n sobre temas acad\u00e9micos y personales, y fomentar el crecimiento conjunto de toda la comunidad [&hellip;]<\/p>\n","protected":false},"author":2,"featured_media":0,"parent":0,"menu_order":0,"comment_status":"closed","ping_status":"closed","template":"page-template\/front-page.php","meta":{"footnotes":""},"class_list":["post-1209","page","type-page","status-publish","hentry"],"_links":{"self":[{"href":"https:\/\/revista.uearturofreire.edu.ec\/index.php?rest_route=\/wp\/v2\/pages\/1209","targetHints":{"allow":["GET"]}}],"collection":[{"href":"https:\/\/revista.uearturofreire.edu.ec\/index.php?rest_route=\/wp\/v2\/pages"}],"about":[{"href":"https:\/\/revista.uearturofreire.edu.ec\/index.php?rest_route=\/wp\/v2\/types\/page"}],"author":[{"embeddable":true,"href":"https:\/\/revista.uearturofreire.edu.ec\/index.php?rest_route=\/wp\/v2\/users\/2"}],"replies":[{"embeddable":true,"href":"https:\/\/revista.uearturofreire.edu.ec\/index.php?rest_route=%2Fwp%2Fv2%2Fcomments&post=1209"}],"version-history":[{"count":88,"href":"https:\/\/revista.uearturofreire.edu.ec\/index.php?rest_route=\/wp\/v2\/pages\/1209\/revisions"}],"predecessor-version":[{"id":8236,"href":"https:\/\/revista.uearturofreire.edu.ec\/index.php?rest_route=\/wp\/v2\/pages\/1209\/revisions\/8236"}],"wp:attachment":[{"href":"https:\/\/revista.uearturofreire.edu.ec\/index.php?rest_route=%2Fwp%2Fv2%2Fmedia&parent=1209"}],"curies":[{"name":"wp","href":"https:\/\/api.w.org\/{rel}","templated":true}]}}