{"id":1211,"date":"2026-02-20T20:00:57","date_gmt":"2026-02-20T20:00:57","guid":{"rendered":"https:\/\/revista.uearturofreire.edu.ec\/?page_id=1211"},"modified":"2026-02-27T14:53:31","modified_gmt":"2026-02-27T19:53:31","slug":"informatica","status":"publish","type":"page","link":"https:\/\/revista.uearturofreire.edu.ec\/?page_id=1211","title":{"rendered":"INFORM\u00c1TICA"},"content":{"rendered":"\t\t<div data-elementor-type=\"wp-page\" data-elementor-id=\"1211\" class=\"elementor elementor-1211\" data-elementor-post-type=\"page\">\n\t\t\t\t<div class=\"elementor-element elementor-element-d3c9563 e-flex e-con-boxed e-con e-parent\" data-id=\"d3c9563\" data-element_type=\"container\" data-e-type=\"container\">\n\t\t\t\t\t<div class=\"e-con-inner\">\n\t\t\t\t\t<\/div>\n\t\t\t\t<\/div>\n\t\t<div class=\"elementor-element elementor-element-a6a61f0 e-con-full e-flex elementor-invisible e-con e-parent\" data-id=\"a6a61f0\" data-element_type=\"container\" data-e-type=\"container\" data-settings=\"{&quot;motion_fx_motion_fx_scrolling&quot;:&quot;yes&quot;,&quot;motion_fx_scale_effect&quot;:&quot;yes&quot;,&quot;background_background&quot;:&quot;classic&quot;,&quot;animation&quot;:&quot;fadeIn&quot;,&quot;motion_fx_scale_direction&quot;:&quot;out-in&quot;,&quot;motion_fx_scale_speed&quot;:{&quot;unit&quot;:&quot;px&quot;,&quot;size&quot;:4,&quot;sizes&quot;:[]},&quot;motion_fx_scale_range&quot;:{&quot;unit&quot;:&quot;%&quot;,&quot;size&quot;:&quot;&quot;,&quot;sizes&quot;:{&quot;start&quot;:20,&quot;end&quot;:80}},&quot;motion_fx_devices&quot;:[&quot;desktop&quot;,&quot;tablet&quot;,&quot;mobile&quot;]}\">\n\t\t\t\t<div class=\"elementor-element elementor-element-07b4e38 elementor-widget elementor-widget-heading\" data-id=\"07b4e38\" data-element_type=\"widget\" data-e-type=\"widget\" data-widget_type=\"heading.default\">\n\t\t\t\t\t<h2 class=\"elementor-heading-title elementor-size-default\">Bienvenida<\/h2>\t\t\t\t<\/div>\n\t\t\t\t<\/div>\n\t\t<div class=\"elementor-element elementor-element-d99a7f3 e-flex e-con-boxed elementor-invisible e-con e-parent\" data-id=\"d99a7f3\" data-element_type=\"container\" data-e-type=\"container\" data-settings=\"{&quot;background_background&quot;:&quot;gradient&quot;,&quot;animation&quot;:&quot;slideInDown&quot;}\">\n\t\t\t\t\t<div class=\"e-con-inner\">\n\t\t\t\t<div class=\"elementor-element elementor-element-70d6c97 elementor-widget elementor-widget-text-editor\" data-id=\"70d6c97\" data-element_type=\"widget\" data-e-type=\"widget\" data-widget_type=\"text-editor.default\">\n\t\t\t\t\t\t\t\t\t<p data-start=\"111\" data-end=\"124\">\u00a1Damos la cordial bienvenida!<\/p>\n<p data-start=\"126\" data-end=\"488\">Hoy nos adentraremos en el fascinante mundo de la Inform\u00e1tica, una disciplina que ha transformado la manera en que vivimos, estudiamos y trabajamos. A lo largo de esta explicaci\u00f3n conoceremos qu\u00e9 es realmente la inform\u00e1tica, c\u00f3mo funciona, cu\u00e1les son sus principales \u00e1reas y por qu\u00e9 se ha convertido en una de las especialidades m\u00e1s importantes en la actualidad.<\/p>\n<p data-start=\"490\" data-end=\"809\">La inform\u00e1tica no solo trata del uso de computadoras, sino del estudio de c\u00f3mo se procesa la informaci\u00f3n, c\u00f3mo se crean los programas, c\u00f3mo se dise\u00f1an aplicaciones y c\u00f3mo la tecnolog\u00eda puede resolver problemas reales. Comprenderla nos permite no solo ser usuarios de la tecnolog\u00eda, sino tambi\u00e9n creadores e innovadores.<\/p>\n<p data-start=\"811\" data-end=\"921\" data-is-last-node=\"\" data-is-only-node=\"\">Prep\u00e1rense para descubrir c\u00f3mo funciona el mundo digital y c\u00f3mo ustedes pueden ser parte de su desarrollo.<\/p>\t\t\t\t\t\t\t\t<\/div>\n\t\t\t\t\t<\/div>\n\t\t\t\t<\/div>\n\t\t<div class=\"elementor-element elementor-element-1ae7b0d e-flex e-con-boxed elementor-invisible e-con e-parent\" data-id=\"1ae7b0d\" data-element_type=\"container\" data-e-type=\"container\" data-settings=\"{&quot;background_background&quot;:&quot;classic&quot;,&quot;animation&quot;:&quot;fadeInLeft&quot;}\">\n\t\t\t\t\t<div class=\"e-con-inner\">\n\t\t\t\t<div class=\"elementor-element elementor-element-b53ef01 elementor-widget elementor-widget-heading\" data-id=\"b53ef01\" data-element_type=\"widget\" data-e-type=\"widget\" data-widget_type=\"heading.default\">\n\t\t\t\t\t<h2 class=\"elementor-heading-title elementor-size-default\">A continuaci\u00f3n conoce mas de esta \u00e1rea <\/h2>\t\t\t\t<\/div>\n\t\t\t\t\t<\/div>\n\t\t\t\t<\/div>\n\t\t<div class=\"elementor-element elementor-element-479d4b0 e-flex e-con-boxed elementor-invisible e-con e-parent\" data-id=\"479d4b0\" data-element_type=\"container\" data-e-type=\"container\" data-settings=\"{&quot;background_background&quot;:&quot;gradient&quot;,&quot;animation&quot;:&quot;zoomInUp&quot;}\">\n\t\t\t\t\t<div class=\"e-con-inner\">\n\t\t\t\t<div class=\"elementor-element elementor-element-9e09385 elementor-widget elementor-widget-text-editor\" data-id=\"9e09385\" data-element_type=\"widget\" data-e-type=\"widget\" data-widget_type=\"text-editor.default\">\n\t\t\t\t\t\t\t\t\t<div class=\"flex max-w-full flex-col grow\"><div class=\"min-h-8 text-message relative flex w-full flex-col items-end gap-2 text-start break-words whitespace-normal [.text-message+&amp;]:mt-1\" dir=\"auto\" data-message-author-role=\"assistant\" data-message-id=\"dd523665-6a7c-4ddc-af51-c89c9f00851a\" data-message-model-slug=\"gpt-5-2\"><div class=\"flex w-full flex-col gap-1 empty:hidden first:pt-[1px]\"><div class=\"markdown prose dark:prose-invert w-full wrap-break-word light markdown-new-styling\"><p data-start=\"0\" data-end=\"344\">La <strong data-start=\"3\" data-end=\"18\">Inform\u00e1tica<\/strong> es la ciencia que estudia el tratamiento autom\u00e1tico de la informaci\u00f3n mediante el uso de computadoras y sistemas tecnol\u00f3gicos. Se encarga de analizar, procesar, almacenar y transmitir datos de manera r\u00e1pida y eficiente, permitiendo que las personas resuelvan problemas, automaticen tareas y creen nuevas soluciones digitales.<\/p><p data-start=\"346\" data-end=\"751\">A trav\u00e9s de la programaci\u00f3n, el desarrollo de software, las redes de comunicaci\u00f3n y el manejo de bases de datos, la inform\u00e1tica se ha convertido en una herramienta fundamental en la educaci\u00f3n, la salud, los negocios y pr\u00e1cticamente en todos los \u00e1mbitos de la sociedad. Hoy en d\u00eda, no solo se trata de usar una computadora, sino de comprender c\u00f3mo funciona la tecnolog\u00eda y c\u00f3mo podemos crearla e innovarla.<\/p><p data-start=\"753\" data-end=\"921\" data-is-last-node=\"\" data-is-only-node=\"\">En resumen, la inform\u00e1tica es el motor que impulsa el mundo digital en el que vivimos, abriendo puertas a nuevas oportunidades acad\u00e9micas, profesionales y tecnol\u00f3gicas.<\/p><\/div><\/div><\/div><\/div>\t\t\t\t\t\t\t\t<\/div>\n\t\t\t\t\t<\/div>\n\t\t\t\t<\/div>\n\t\t<div class=\"elementor-element elementor-element-0fb5e84 e-flex e-con-boxed elementor-invisible e-con e-parent\" data-id=\"0fb5e84\" data-element_type=\"container\" data-e-type=\"container\" data-settings=\"{&quot;background_background&quot;:&quot;gradient&quot;,&quot;animation&quot;:&quot;zoomIn&quot;}\">\n\t\t\t\t\t<div class=\"e-con-inner\">\n\t\t<div class=\"elementor-element elementor-element-30bf24d e-con-full e-flex e-con e-child\" data-id=\"30bf24d\" data-element_type=\"container\" data-e-type=\"container\">\n\t\t\t\t<div class=\"elementor-element elementor-element-0ca9453 elementor-widget elementor-widget-image\" data-id=\"0ca9453\" data-element_type=\"widget\" data-e-type=\"widget\" data-widget_type=\"image.default\">\n\t\t\t\t\t\t\t\t\t\t\t\t\t\t\t<img fetchpriority=\"high\" decoding=\"async\" width=\"525\" height=\"350\" src=\"https:\/\/revista.uearturofreire.edu.ec\/wp-content\/uploads\/2026\/02\/ChatGPT-Image-24-feb-2026-23_41_03-1024x683.png\" class=\"attachment-large size-large wp-image-4369\" alt=\"\" srcset=\"https:\/\/revista.uearturofreire.edu.ec\/wp-content\/uploads\/2026\/02\/ChatGPT-Image-24-feb-2026-23_41_03-1024x683.png 1024w, https:\/\/revista.uearturofreire.edu.ec\/wp-content\/uploads\/2026\/02\/ChatGPT-Image-24-feb-2026-23_41_03-300x200.png 300w, https:\/\/revista.uearturofreire.edu.ec\/wp-content\/uploads\/2026\/02\/ChatGPT-Image-24-feb-2026-23_41_03-768x512.png 768w, https:\/\/revista.uearturofreire.edu.ec\/wp-content\/uploads\/2026\/02\/ChatGPT-Image-24-feb-2026-23_41_03.png 1536w\" sizes=\"(max-width: 525px) 100vw, 525px\" \/>\t\t\t\t\t\t\t\t\t\t\t\t\t\t\t<\/div>\n\t\t\t\t<div class=\"elementor-element elementor-element-db0a777 elementor-align-center elementor-widget elementor-widget-button\" data-id=\"db0a777\" data-element_type=\"widget\" data-e-type=\"widget\" data-widget_type=\"button.default\">\n\t\t\t\t\t\t\t\t\t\t<a class=\"elementor-button elementor-button-link elementor-size-sm\" href=\"https:\/\/revista.uearturofreire.edu.ec\/?cat=37\">\n\t\t\t\t\t\t<span class=\"elementor-button-content-wrapper\">\n\t\t\t\t\t\t\t\t\t<span class=\"elementor-button-text\">conocenos mas<\/span>\n\t\t\t\t\t<\/span>\n\t\t\t\t\t<\/a>\n\t\t\t\t\t\t\t\t<\/div>\n\t\t\t\t<\/div>\n\t\t<div class=\"elementor-element elementor-element-59a3d05 e-con-full e-flex e-con e-child\" data-id=\"59a3d05\" data-element_type=\"container\" data-e-type=\"container\">\n\t\t\t\t<div class=\"elementor-element elementor-element-a497ccb elementor-widget__width-initial elementor-widget elementor-widget-image\" data-id=\"a497ccb\" data-element_type=\"widget\" data-e-type=\"widget\" data-widget_type=\"image.default\">\n\t\t\t\t\t\t\t\t\t\t\t\t\t\t\t<img decoding=\"async\" width=\"525\" height=\"350\" src=\"https:\/\/revista.uearturofreire.edu.ec\/wp-content\/uploads\/2026\/02\/ChatGPT-Image-24-feb-2026-23_42_54-1024x683.png\" class=\"attachment-large size-large wp-image-4373\" alt=\"\" srcset=\"https:\/\/revista.uearturofreire.edu.ec\/wp-content\/uploads\/2026\/02\/ChatGPT-Image-24-feb-2026-23_42_54-1024x683.png 1024w, https:\/\/revista.uearturofreire.edu.ec\/wp-content\/uploads\/2026\/02\/ChatGPT-Image-24-feb-2026-23_42_54-300x200.png 300w, https:\/\/revista.uearturofreire.edu.ec\/wp-content\/uploads\/2026\/02\/ChatGPT-Image-24-feb-2026-23_42_54-768x512.png 768w, https:\/\/revista.uearturofreire.edu.ec\/wp-content\/uploads\/2026\/02\/ChatGPT-Image-24-feb-2026-23_42_54.png 1536w\" sizes=\"(max-width: 525px) 100vw, 525px\" \/>\t\t\t\t\t\t\t\t\t\t\t\t\t\t\t<\/div>\n\t\t\t\t<div class=\"elementor-element elementor-element-785c4a2 elementor-align-center elementor-widget elementor-widget-button\" data-id=\"785c4a2\" data-element_type=\"widget\" data-e-type=\"widget\" data-widget_type=\"button.default\">\n\t\t\t\t\t\t\t\t\t\t<a class=\"elementor-button elementor-button-link elementor-size-sm\" href=\"https:\/\/revista.uearturofreire.edu.ec\/?cat=38\">\n\t\t\t\t\t\t<span class=\"elementor-button-content-wrapper\">\n\t\t\t\t\t\t\t\t\t<span class=\"elementor-button-text\">conocenos mas<\/span>\n\t\t\t\t\t<\/span>\n\t\t\t\t\t<\/a>\n\t\t\t\t\t\t\t\t<\/div>\n\t\t\t\t<\/div>\n\t\t<div class=\"elementor-element elementor-element-035260a e-con-full e-flex e-con e-child\" data-id=\"035260a\" data-element_type=\"container\" data-e-type=\"container\">\n\t\t\t\t<div class=\"elementor-element elementor-element-6c2ba70 elementor-widget elementor-widget-image\" data-id=\"6c2ba70\" data-element_type=\"widget\" data-e-type=\"widget\" data-widget_type=\"image.default\">\n\t\t\t\t\t\t\t\t\t\t\t\t\t\t\t<img decoding=\"async\" width=\"525\" height=\"350\" src=\"https:\/\/revista.uearturofreire.edu.ec\/wp-content\/uploads\/2026\/02\/ChatGPT-Image-25-feb-2026-02_20_00-p.m-1024x683.png\" class=\"attachment-large size-large wp-image-4615\" alt=\"\" srcset=\"https:\/\/revista.uearturofreire.edu.ec\/wp-content\/uploads\/2026\/02\/ChatGPT-Image-25-feb-2026-02_20_00-p.m-1024x683.png 1024w, https:\/\/revista.uearturofreire.edu.ec\/wp-content\/uploads\/2026\/02\/ChatGPT-Image-25-feb-2026-02_20_00-p.m-300x200.png 300w, https:\/\/revista.uearturofreire.edu.ec\/wp-content\/uploads\/2026\/02\/ChatGPT-Image-25-feb-2026-02_20_00-p.m-768x512.png 768w, https:\/\/revista.uearturofreire.edu.ec\/wp-content\/uploads\/2026\/02\/ChatGPT-Image-25-feb-2026-02_20_00-p.m.png 1536w\" sizes=\"(max-width: 525px) 100vw, 525px\" \/>\t\t\t\t\t\t\t\t\t\t\t\t\t\t\t<\/div>\n\t\t\t\t<div class=\"elementor-element elementor-element-bb58287 elementor-align-center elementor-widget elementor-widget-button\" data-id=\"bb58287\" data-element_type=\"widget\" data-e-type=\"widget\" data-widget_type=\"button.default\">\n\t\t\t\t\t\t\t\t\t\t<a class=\"elementor-button elementor-button-link elementor-size-sm\" href=\"https:\/\/revista.uearturofreire.edu.ec\/?category_name=3ro-inf\">\n\t\t\t\t\t\t<span class=\"elementor-button-content-wrapper\">\n\t\t\t\t\t\t\t\t\t<span class=\"elementor-button-text\">conocenos mas<\/span>\n\t\t\t\t\t<\/span>\n\t\t\t\t\t<\/a>\n\t\t\t\t\t\t\t\t<\/div>\n\t\t\t\t<\/div>\n\t\t\t\t\t<\/div>\n\t\t\t\t<\/div>\n\t\t\t\t<\/div>\n\t\t","protected":false},"excerpt":{"rendered":"<p>Bienvenida \u00a1Damos la cordial bienvenida! Hoy nos adentraremos en el fascinante mundo de la Inform\u00e1tica, una disciplina que ha transformado la manera en que vivimos, estudiamos y trabajamos. A lo largo de esta explicaci\u00f3n conoceremos qu\u00e9 es realmente la inform\u00e1tica, c\u00f3mo funciona, cu\u00e1les son sus principales \u00e1reas y por qu\u00e9 se ha convertido en una [&hellip;]<\/p>\n","protected":false},"author":2,"featured_media":5456,"parent":0,"menu_order":0,"comment_status":"closed","ping_status":"closed","template":"page-template\/front-page.php","meta":{"footnotes":""},"class_list":["post-1211","page","type-page","status-publish","has-post-thumbnail","hentry"],"_links":{"self":[{"href":"https:\/\/revista.uearturofreire.edu.ec\/index.php?rest_route=\/wp\/v2\/pages\/1211","targetHints":{"allow":["GET"]}}],"collection":[{"href":"https:\/\/revista.uearturofreire.edu.ec\/index.php?rest_route=\/wp\/v2\/pages"}],"about":[{"href":"https:\/\/revista.uearturofreire.edu.ec\/index.php?rest_route=\/wp\/v2\/types\/page"}],"author":[{"embeddable":true,"href":"https:\/\/revista.uearturofreire.edu.ec\/index.php?rest_route=\/wp\/v2\/users\/2"}],"replies":[{"embeddable":true,"href":"https:\/\/revista.uearturofreire.edu.ec\/index.php?rest_route=%2Fwp%2Fv2%2Fcomments&post=1211"}],"version-history":[{"count":58,"href":"https:\/\/revista.uearturofreire.edu.ec\/index.php?rest_route=\/wp\/v2\/pages\/1211\/revisions"}],"predecessor-version":[{"id":8201,"href":"https:\/\/revista.uearturofreire.edu.ec\/index.php?rest_route=\/wp\/v2\/pages\/1211\/revisions\/8201"}],"wp:featuredmedia":[{"embeddable":true,"href":"https:\/\/revista.uearturofreire.edu.ec\/index.php?rest_route=\/wp\/v2\/media\/5456"}],"wp:attachment":[{"href":"https:\/\/revista.uearturofreire.edu.ec\/index.php?rest_route=%2Fwp%2Fv2%2Fmedia&parent=1211"}],"curies":[{"name":"wp","href":"https:\/\/api.w.org\/{rel}","templated":true}]}}